{"id":65,"date":"2023-02-07T12:33:41","date_gmt":"2023-02-07T12:33:41","guid":{"rendered":"https:\/\/chirurgie-refractive-tunisie.com\/wordpress\/?page_id=65"},"modified":"2025-07-18T13:14:43","modified_gmt":"2025-07-18T13:14:43","slug":"transprk","status":"publish","type":"page","link":"https:\/\/chirurgie-refractive-tunisie.com\/wordpress\/interventions\/transprk\/","title":{"rendered":"TransPRK en Tunisie : La chirurgie r\u00e9fractive douce et sans d\u00e9coupe"},"content":{"rendered":"<p data-start=\"552\" data-end=\"914\">Vous cherchez une alternative au LASIK ? La <strong data-start=\"596\" data-end=\"618\">chirurgie TransPRK<\/strong>, propos\u00e9e \u00e0 la <strong data-start=\"634\" data-end=\"661\">clinique CRT en Tunisie<\/strong>, est une technique de correction de la vue s\u00fbre, pr\u00e9cise et totalement <strong data-start=\"733\" data-end=\"749\">sans contact<\/strong>. Recommand\u00e9e pour les corn\u00e9es fines ou les yeux secs, elle permet de corriger la <strong data-start=\"831\" data-end=\"841\">myopie<\/strong>, l\u2019<strong data-start=\"845\" data-end=\"861\">astigmatisme<\/strong> et l\u2019<strong data-start=\"867\" data-end=\"884\">hyperm\u00e9tropie<\/strong>, avec d\u2019excellents r\u00e9sultats.<\/p>\n<h2 data-start=\"921\" data-end=\"973\"><strong data-start=\"927\" data-end=\"973\">Qu\u2019est-ce que la chirurgie TransPRK ?<\/strong><\/h2>\n<p data-start=\"975\" data-end=\"1187\">La <strong data-start=\"978\" data-end=\"990\">TransPRK<\/strong> (Trans-Photorefractive Keratectomy) est une \u00e9volution de la technique PRK. C\u2019est une proc\u00e9dure <strong data-start=\"1086\" data-end=\"1101\">100 % laser<\/strong>, <strong data-start=\"1103\" data-end=\"1119\">non invasive<\/strong>, sans d\u00e9coupe de la corn\u00e9e ni utilisation d\u2019instruments m\u00e9caniques.<\/p>\n<h3 data-start=\"1189\" data-end=\"1237\"><strong data-start=\"1196\" data-end=\"1237\">Une technologie laser de surface<\/strong><\/h3>\n<p data-start=\"1239\" data-end=\"1456\">Contrairement au LASIK, qui cr\u00e9e un capot corn\u00e9en, la TransPRK enl\u00e8ve simplement l\u2019\u00e9pith\u00e9lium (fine couche superficielle) de la corn\u00e9e \u00e0 l\u2019aide d\u2019un laser excimer, puis applique la correction directement \u00e0 la surface.<\/p>\n<p data-start=\"1458\" data-end=\"1583\">Aucun instrument en contact avec l\u2019\u0153il<br data-start=\"1498\" data-end=\"1501\" \/>Pas de d\u00e9coupe corn\u00e9enne<br data-start=\"1527\" data-end=\"1530\" \/>R\u00e9duction du risque de complications li\u00e9es au volet<\/p>\n<p data-start=\"1585\" data-end=\"1675\">\ud83d\udc49 <a class=\"\" href=\"https:\/\/chirurgie-refractive-tunisie.com\/interventions\/lasik-tunisie\/\" rel=\"noopener\" data-start=\"1588\" data-end=\"1624\">D\u00e9couvrir le LASIK Tunisie<\/a><\/p>\n<div class=\"container mt-5\"><div class=\"row\"><div class=\"col\"><div class=\"container-fluid mb-5 mt-5 pb-3 pt-3 free-devis-bloc rounded-3\"><div class=\"container pt-4\"><div class=\"row d-flex justify-content-center\"><div class=\"col-sm-12 col-md-6 text-center\"><p class=\"float-start text-devis-block pt-2\">Demandez gratuitement votre devis<\/p><\/div><div class=\"col-sm-12 col-md-6 text-center mb-4\"><a class=\"btn btn-primary btn-devi d-none d-sm-none d-md-block mt-2 float-end \" role=\"button\" href=\"\/devis\/\">Devis gratuits<\/a><a class=\"btn btn-primary btn-devi d-sm-block d-md-none\" role=\"button\" href=\"\/devis\/\">Devis gratuits<\/a><\/div><\/div><\/div><\/div><\/div><\/div><\/div>\n<h2 data-start=\"1682\" data-end=\"1732\"><strong data-start=\"1688\" data-end=\"1732\">Pour qui est destin\u00e9e la TransPRK ?<\/strong><\/h2>\n<p data-start=\"1734\" data-end=\"1965\">Cette technique est id\u00e9ale si :<br data-start=\"1765\" data-end=\"1768\" \/>Votre corn\u00e9e est trop fine pour le LASIK<br data-start=\"1810\" data-end=\"1813\" \/>Il y a une s\u00e9cheresse oculaire importante<br data-start=\"1859\" data-end=\"1862\" \/>Vous pratiquez des sports de contact ou \u00e0 risque<br data-start=\"1912\" data-end=\"1915\" \/>Vous pr\u00e9f\u00e9rez une chirurgie sans contact ni lame<\/p>\n<h3 data-start=\"1967\" data-end=\"2022\"><strong data-start=\"1974\" data-end=\"2020\">Troubles visuels trait\u00e9s par TransPRK<\/strong><\/h3>\n<ul data-start=\"2023\" data-end=\"2135\">\n<li data-start=\"2023\" data-end=\"2067\">\n<p data-start=\"2025\" data-end=\"2067\"><a class=\"\" href=\"https:\/\/chirurgie-refractive-tunisie.com\/trouble-de-la-vue\/myopie\/\" rel=\"noopener\" data-start=\"2025\" data-end=\"2042\">Myopie<\/a> (jusqu&rsquo;\u00e0 -6 dioptries)<\/p>\n<\/li>\n<li data-start=\"2068\" data-end=\"2103\">\n<p data-start=\"2070\" data-end=\"2103\"><a class=\"\" href=\"https:\/\/chirurgie-refractive-tunisie.com\/trouble-de-la-vue\/hypermetropie\/\" rel=\"noopener\" data-start=\"2070\" data-end=\"2101\">Hyperm\u00e9tropie<\/a><\/p>\n<\/li>\n<li data-start=\"2104\" data-end=\"2135\">\n<p data-start=\"2106\" data-end=\"2135\"><a class=\"\" href=\"https:\/\/chirurgie-refractive-tunisie.com\/trouble-de-la-vue\/astigmatisme\/\" rel=\"noopener\" data-start=\"2106\" data-end=\"2135\">Astigmatisme<\/a><\/p>\n<\/li>\n<\/ul>\n<p data-start=\"2137\" data-end=\"2211\">\ud83d\udc49 <a class=\"\" href=\"https:\/\/chirurgie-refractive-tunisie.com\/interventions\/lentille-intraoculaire\/\" rel=\"noopener\" data-start=\"2140\" data-end=\"2211\">Comparez avec les lentilles intraoculaires<\/a><\/p>\n<h2 data-start=\"2218\" data-end=\"2269\"><strong data-start=\"2224\" data-end=\"2269\">D\u00e9roulement de la chirurgie TransPRK<\/strong><\/h2>\n<h3 data-start=\"2271\" data-end=\"2323\"><strong data-start=\"2278\" data-end=\"2323\">\u00c9tape 1 \u2013 Consultation pr\u00e9op\u00e9ratoire<\/strong><\/h3>\n<p data-start=\"2325\" data-end=\"2402\">Avant l\u2019op\u00e9ration, un bilan complet est r\u00e9alis\u00e9 dans notre centre \u00e0 Tunis :<\/p>\n<ul data-start=\"2403\" data-end=\"2562\">\n<li data-start=\"2403\" data-end=\"2440\">\n<p data-start=\"2405\" data-end=\"2440\">Cartographie corn\u00e9enne (Pentacam)<\/p>\n<\/li>\n<li data-start=\"2441\" data-end=\"2468\">\n<p data-start=\"2443\" data-end=\"2468\">Mesure de la r\u00e9fraction<\/p>\n<\/li>\n<li data-start=\"2469\" data-end=\"2497\">\n<p data-start=\"2471\" data-end=\"2497\">Analyse du film lacrymal<\/p>\n<\/li>\n<li data-start=\"2498\" data-end=\"2533\">\n<p data-start=\"2500\" data-end=\"2533\">Mesure de l\u2019\u00e9paisseur corn\u00e9enne<\/p>\n<\/li>\n<li data-start=\"2534\" data-end=\"2562\">\n<p data-start=\"2536\" data-end=\"2562\">Examen du fond d\u2019\u0153il (OCT)<\/p>\n<\/li>\n<\/ul>\n<h3 data-start=\"2616\" data-end=\"2667\"><strong data-start=\"2623\" data-end=\"2667\">\u00c9tape 2 \u2013 Intervention chirurgicale<\/strong><\/h3>\n<ul data-start=\"2669\" data-end=\"2871\">\n<li data-start=\"2669\" data-end=\"2710\">\n<p data-start=\"2671\" data-end=\"2710\">Application d\u2019un collyre anesth\u00e9siant<\/p>\n<\/li>\n<li data-start=\"2711\" data-end=\"2773\">\n<p data-start=\"2713\" data-end=\"2773\">Le laser excimer retire l\u2019\u00e9pith\u00e9lium et remod\u00e8le la corn\u00e9e<\/p>\n<\/li>\n<li data-start=\"2774\" data-end=\"2871\">\n<p data-start=\"2776\" data-end=\"2871\">Application d\u2019une <strong data-start=\"2794\" data-end=\"2816\">lentille pansement<\/strong> (temporaire)<br data-start=\"2829\" data-end=\"2832\" \/>Dur\u00e9e : <strong data-start=\"2840\" data-end=\"2871\">moins de 10 minutes par \u0153il<\/strong><\/p>\n<\/li>\n<\/ul>\n<p data-start=\"2873\" data-end=\"2929\">Aucune lame, aucun instrument en contact avec votre \u0153il.<\/p>\n<h3 data-start=\"2936\" data-end=\"3000\"><strong data-start=\"2943\" data-end=\"3000\">\u00c9tape 3 \u2013 R\u00e9cup\u00e9ration et soins post-op\u00e9ratoires<\/strong><\/h3>\n<ul data-start=\"3002\" data-end=\"3211\">\n<li data-start=\"3002\" data-end=\"3055\">\n<p data-start=\"3004\" data-end=\"3055\">R\u00e9cup\u00e9ration visuelle progressive sur 5 \u00e0 7 jours<\/p>\n<\/li>\n<li data-start=\"3056\" data-end=\"3115\">\n<p data-start=\"3058\" data-end=\"3115\">Sensation de g\u00eane ou picotements pendant quelques jours<\/p>\n<\/li>\n<li data-start=\"3116\" data-end=\"3162\">\n<p data-start=\"3118\" data-end=\"3162\">Gouttes hydratantes et anti-inflammatoires<\/p>\n<\/li>\n<li data-start=\"3163\" data-end=\"3211\">\n<p data-start=\"3165\" data-end=\"3211\">Contr\u00f4les \u00e0 J+1, J+5, 1 mois, 3 mois et 6 mois<\/p>\n<\/li>\n<\/ul>\n<h2 data-start=\"3218\" data-end=\"3283\"><strong data-start=\"3224\" data-end=\"3283\">Avantages de la TransPRK \u00e0 la clinique CRT Tunisie<\/strong><\/h2>\n<p data-start=\"3285\" data-end=\"3573\">\u00a0Technique douce et non invasive<br data-start=\"3318\" data-end=\"3321\" \/>\u00a0Excellente alternative pour corn\u00e9e fine<br data-start=\"3362\" data-end=\"3365\" \/>\u00a0Aucun volet corn\u00e9en = moins de risque en cas de traumatisme<br data-start=\"3426\" data-end=\"3429\" \/>\u00a0Convient aux profils sportifs, militaires ou aux personnes anxieuses<br data-start=\"3499\" data-end=\"3502\" \/>\u00a0R\u00e9alis\u00e9e dans un centre ultra-\u00e9quip\u00e9, par des chirurgiens sp\u00e9cialis\u00e9s<\/p>\n<p data-start=\"3575\" data-end=\"3624\">\ud83d\udc49 <a class=\"\" href=\"https:\/\/chirurgie-refractive-tunisie.com\/chirurgie-refractive-tunisie-corrigez-votre-vue-au-laser\/\" rel=\"noopener\" data-start=\"3578\" data-end=\"3624\">En savoir plus sur notre clinique<\/a><\/p>\n<h2 data-start=\"3631\" data-end=\"3693\"><strong data-start=\"3637\" data-end=\"3693\">R\u00e9sultats attendus et durabilit\u00e9 de la TransPRK<\/strong><\/h2>\n<p data-start=\"3695\" data-end=\"3896\">\u00a0Am\u00e9lioration progressive de la vision d\u00e8s la 1\u00e8re semaine<br data-start=\"3754\" data-end=\"3757\" \/>\u00a0Stabilisation compl\u00e8te sous 3 \u00e0 6 mois<br data-start=\"3797\" data-end=\"3800\" \/>\u00a0R\u00e9sultats durables dans le temps<br data-start=\"3834\" data-end=\"3837\" \/>\u00a0Possibilit\u00e9 de traitement bilat\u00e9ral (2 yeux le m\u00eame jour)<\/p>\n<p data-start=\"3898\" data-end=\"4057\">La qualit\u00e9 de votre vision finale d\u00e9pendra aussi de votre <strong data-start=\"3956\" data-end=\"3979\">degr\u00e9 de correction<\/strong>, de l\u2019\u00e9tat de votre corn\u00e9e et de la <strong data-start=\"4016\" data-end=\"4056\">pr\u00e9cision des examens pr\u00e9op\u00e9ratoires<\/strong>.<\/p>\n<h2 data-start=\"4064\" data-end=\"4119\"><strong data-start=\"4070\" data-end=\"4119\">Co\u00fbt de la chirurgie TransPRK en Tunisie<\/strong><\/h2>\n<p data-start=\"4121\" data-end=\"4211\">Chez CRT, nous avons con\u00e7u une offre <strong data-start=\"4158\" data-end=\"4174\">tout compris<\/strong> pour faciliter l\u2019acc\u00e8s aux soins :<\/p>\n<ul data-start=\"4212\" data-end=\"4350\">\n<li data-start=\"4212\" data-end=\"4254\">\n<p data-start=\"4214\" data-end=\"4254\">Consultation et examens pr\u00e9op\u00e9ratoires<\/p>\n<\/li>\n<li data-start=\"4255\" data-end=\"4282\">\n<p data-start=\"4257\" data-end=\"4282\">Intervention des 2 yeux<\/p>\n<\/li>\n<li data-start=\"4283\" data-end=\"4318\">\n<p data-start=\"4285\" data-end=\"4318\">M\u00e9dicaments et collyres post-op<\/p>\n<\/li>\n<li data-start=\"4319\" data-end=\"4350\">\n<p data-start=\"4321\" data-end=\"4350\">Suivi m\u00e9dical pendant 12 mois<\/p>\n<\/li>\n<\/ul>\n<p data-start=\"4352\" data-end=\"4451\">\ud83d\udca1 Le prix de la TransPRK en Tunisie est <strong data-start=\"4393\" data-end=\"4420\">jusqu\u2019\u00e0 60 % moins cher<\/strong> qu\u2019en Europe, \u00e0 qualit\u00e9 \u00e9gale.<\/p>\n<p data-start=\"4453\" data-end=\"4528\">\ud83d\udc49 <a class=\"\" href=\"https:\/\/chirurgie-refractive-tunisie.com\/\" rel=\"noopener\" data-start=\"4456\" data-end=\"4482\">Voir nos tarifs<\/a> | \ud83d\udc49 <a class=\"\" href=\"https:\/\/chirurgie-refractive-tunisie.com\/devis\/\" rel=\"noopener\" data-start=\"4488\" data-end=\"4528\">Demander un devis personnalis\u00e9<\/a><\/p>\n<h2 data-start=\"4535\" data-end=\"4575\"><strong data-start=\"4541\" data-end=\"4575\">Foire aux questions (FAQ)<\/strong><\/h2>\n<h3 data-start=\"4577\" data-end=\"4629\"><strong data-start=\"4584\" data-end=\"4627\">La TransPRK est-elle douloureuse ?<\/strong><\/h3>\n<p data-start=\"4630\" data-end=\"4734\">L\u2019intervention en elle-m\u00eame est indolore. Des sensations de g\u00eane peuvent appara\u00eetre pendant 3 \u00e0 5 jours.<\/p>\n<h3 data-start=\"4736\" data-end=\"4785\"><strong data-start=\"4743\" data-end=\"4783\">Quand pourrai-je retravailler ?<\/strong><\/h3>\n<p data-start=\"4786\" data-end=\"4865\">Il faut compter <strong data-start=\"4802\" data-end=\"4826\">5 \u00e0 7 jours de repos<\/strong>. Un arr\u00eat de travail peut \u00eatre fourni.<\/p>\n<h3 data-start=\"4867\" data-end=\"4929\"><strong data-start=\"4874\" data-end=\"4927\">Peut-on op\u00e9rer les deux yeux en m\u00eame temps ?<\/strong><\/h3>\n<p data-start=\"4930\" data-end=\"5000\">Oui. La TransPRK est pratiqu\u00e9e <strong data-start=\"4961\" data-end=\"4999\">bilat\u00e9ralement dans la m\u00eame s\u00e9ance<\/strong>.<\/p>\n<h3 data-start=\"5002\" data-end=\"5053\"><strong data-start=\"5009\" data-end=\"5051\">Quelle diff\u00e9rence avec le LASIK ?<\/strong><\/h3>\n<p data-start=\"5054\" data-end=\"5180\">Le LASIK n\u00e9cessite une d\u00e9coupe corn\u00e9enne. La TransPRK est <strong data-start=\"5112\" data-end=\"5142\">sans contact, sans d\u00e9coupe<\/strong>, mais la r\u00e9cup\u00e9ration est plus lente.<\/p>\n<h2 data-start=\"5054\" data-end=\"5180\"><strong data-start=\"5193\" data-end=\"5250\">Contactez-nous pour une \u00e9valuation personnalis\u00e9e<\/strong><\/h2>\n<p data-start=\"5252\" data-end=\"5469\">Vous souhaitez savoir si la <strong data-start=\"5280\" data-end=\"5292\">TransPRK<\/strong> est faite pour vous ?<br data-start=\"5314\" data-end=\"5317\" \/>Notre \u00e9quipe vous accueille \u00e0 Tunis ou \u00e0 distance pour un premier contact.<br data-start=\"5391\" data-end=\"5394\" \/>Nous vous accompagnons de <strong data-start=\"5420\" data-end=\"5429\">A \u00e0 Z<\/strong>, avec rigueur, \u00e9thique et transparence.<\/p>\n<p data-start=\"5471\" data-end=\"5553\">\ud83d\udce7 <a class=\"\" href=\"https:\/\/chirurgie-refractive-tunisie.com\/devis\/\" rel=\"noopener\" data-start=\"5474\" data-end=\"5497\">Nous \u00e9crire<\/a> | \ud83d\udcf2 <a class=\"\" href=\"#\" rel=\"noopener\" data-start=\"5503\" data-end=\"5516\">WhatsApp<\/a> | \ud83d\udcc5 <a class=\"\" href=\"https:\/\/chirurgie-refractive-tunisie.com\/contact\/\" rel=\"noopener\" data-start=\"5522\" data-end=\"5553\">Prendre rendez-vous<\/a><\/p>\n","protected":false},"excerpt":{"rendered":"<p>Vous cherchez une alternative au LASIK ? La chirurgie TransPRK, propos\u00e9e \u00e0 la clinique CRT en Tunisie, est une technique de correction de la vue s\u00fbre, pr\u00e9cise et totalement sans contact. Recommand\u00e9e pour les corn\u00e9es fines ou les yeux secs, elle permet de corriger la myopie, l\u2019astigmatisme et l\u2019hyperm\u00e9tropie, avec d\u2019excellents r\u00e9sultats. Qu\u2019est-ce que la&hellip; <a class=\"more-link\" href=\"https:\/\/chirurgie-refractive-tunisie.com\/wordpress\/interventions\/transprk\/\">Poursuivre la lecture <span class=\"screen-reader-text\">TransPRK en Tunisie : La chirurgie r\u00e9fractive douce et sans d\u00e9coupe<\/span><\/a><\/p>\n","protected":false},"author":1,"featured_media":271,"parent":60,"menu_order":0,"comment_status":"closed","ping_status":"closed","template":"","meta":{"footnotes":"","_links_to":"","_links_to_target":""},"class_list":["post-65","page","type-page","status-publish","has-post-thumbnail","hentry","entry"],"acf":[],"yoast_head":"<!-- This site is optimized with the Yoast SEO plugin v20.7 - https:\/\/yoast.com\/wordpress\/plugins\/seo\/ -->\n<title>TransPRK Tunisie \u2013 Correction de la vue douce et sans d\u00e9coupe | CRT<\/title>\n<meta name=\"description\" content=\"Optez pour la TransPRK en Tunisie : chirurgie r\u00e9fractive douce sans d\u00e9coupe. Alternative au LASIK pour corn\u00e9es fines. Devis et suivi personnalis\u00e9s.\" \/>\n<meta name=\"robots\" content=\"index, follow, max-snippet:-1, max-image-preview:large, max-video-preview:-1\" \/>\n<link rel=\"canonical\" href=\"https:\/\/chirurgie-refractive-tunisie.com\/wordpress\/interventions\/transprk\/\" \/>\n<meta property=\"og:locale\" content=\"fr_FR\" \/>\n<meta property=\"og:type\" content=\"article\" \/>\n<meta property=\"og:title\" content=\"TransPRK Tunisie \u2013 Correction de la vue douce et sans d\u00e9coupe | CRT\" \/>\n<meta property=\"og:description\" content=\"Optez pour la TransPRK en Tunisie : chirurgie r\u00e9fractive douce sans d\u00e9coupe. Alternative au LASIK pour corn\u00e9es fines. Devis et suivi personnalis\u00e9s.\" \/>\n<meta property=\"og:url\" content=\"https:\/\/chirurgie-refractive-tunisie.com\/wordpress\/interventions\/transprk\/\" \/>\n<meta property=\"og:site_name\" content=\"lasik\" \/>\n<meta property=\"article:modified_time\" content=\"2025-07-18T13:14:43+00:00\" \/>\n<meta property=\"og:image\" content=\"https:\/\/chirurgie-refractive-tunisie.com\/wordpress\/wp-content\/uploads\/2023\/11\/TransPRK.webp\" \/>\n\t<meta property=\"og:image:width\" content=\"1\" \/>\n\t<meta property=\"og:image:height\" content=\"1\" \/>\n\t<meta property=\"og:image:type\" content=\"image\/webp\" \/>\n<meta name=\"twitter:card\" content=\"summary_large_image\" \/>\n<meta name=\"twitter:label1\" content=\"Dur\u00e9e de lecture estim\u00e9e\" \/>\n\t<meta name=\"twitter:data1\" content=\"4 minutes\" \/>\n<script type=\"application\/ld+json\" class=\"yoast-schema-graph\">{\"@context\":\"https:\/\/schema.org\",\"@graph\":[{\"@type\":\"WebPage\",\"@id\":\"https:\/\/chirurgie-refractive-tunisie.com\/wordpress\/interventions\/transprk\/\",\"url\":\"https:\/\/chirurgie-refractive-tunisie.com\/wordpress\/interventions\/transprk\/\",\"name\":\"TransPRK Tunisie \u2013 Correction de la vue douce et sans d\u00e9coupe | CRT\",\"isPartOf\":{\"@id\":\"https:\/\/chirurgie-refractive-tunisie.com\/wordpress\/#website\"},\"datePublished\":\"2023-02-07T12:33:41+00:00\",\"dateModified\":\"2025-07-18T13:14:43+00:00\",\"description\":\"Optez pour la TransPRK en Tunisie : chirurgie r\u00e9fractive douce sans d\u00e9coupe. Alternative au LASIK pour corn\u00e9es fines. Devis et suivi personnalis\u00e9s.\",\"breadcrumb\":{\"@id\":\"https:\/\/chirurgie-refractive-tunisie.com\/wordpress\/interventions\/transprk\/#breadcrumb\"},\"inLanguage\":\"fr-FR\",\"potentialAction\":[{\"@type\":\"ReadAction\",\"target\":[\"https:\/\/chirurgie-refractive-tunisie.com\/wordpress\/interventions\/transprk\/\"]}]},{\"@type\":\"BreadcrumbList\",\"@id\":\"https:\/\/chirurgie-refractive-tunisie.com\/wordpress\/interventions\/transprk\/#breadcrumb\",\"itemListElement\":[{\"@type\":\"ListItem\",\"position\":1,\"name\":\"Home\",\"item\":\"https:\/\/chirurgie-refractive-tunisie.com\/wordpress\/\"},{\"@type\":\"ListItem\",\"position\":2,\"name\":\"Interventions\",\"item\":\"https:\/\/chirurgie-refractive-tunisie.com\/wordpress\/interventions\/\"},{\"@type\":\"ListItem\",\"position\":3,\"name\":\"TransPRK en Tunisie : La chirurgie r\u00e9fractive douce et sans d\u00e9coupe\"}]},{\"@type\":\"WebSite\",\"@id\":\"https:\/\/chirurgie-refractive-tunisie.com\/wordpress\/#website\",\"url\":\"https:\/\/chirurgie-refractive-tunisie.com\/wordpress\/\",\"name\":\"lasik\",\"description\":\"\",\"potentialAction\":[{\"@type\":\"SearchAction\",\"target\":{\"@type\":\"EntryPoint\",\"urlTemplate\":\"https:\/\/chirurgie-refractive-tunisie.com\/wordpress\/?s={search_term_string}\"},\"query-input\":\"required name=search_term_string\"}],\"inLanguage\":\"fr-FR\"}]}<\/script>\n<!-- \/ Yoast SEO plugin. -->","yoast_head_json":{"title":"TransPRK Tunisie \u2013 Correction de la vue douce et sans d\u00e9coupe | CRT","description":"Optez pour la TransPRK en Tunisie : chirurgie r\u00e9fractive douce sans d\u00e9coupe. Alternative au LASIK pour corn\u00e9es fines. Devis et suivi personnalis\u00e9s.","robots":{"index":"index","follow":"follow","max-snippet":"max-snippet:-1","max-image-preview":"max-image-preview:large","max-video-preview":"max-video-preview:-1"},"canonical":"https:\/\/chirurgie-refractive-tunisie.com\/wordpress\/interventions\/transprk\/","og_locale":"fr_FR","og_type":"article","og_title":"TransPRK Tunisie \u2013 Correction de la vue douce et sans d\u00e9coupe | CRT","og_description":"Optez pour la TransPRK en Tunisie : chirurgie r\u00e9fractive douce sans d\u00e9coupe. Alternative au LASIK pour corn\u00e9es fines. Devis et suivi personnalis\u00e9s.","og_url":"https:\/\/chirurgie-refractive-tunisie.com\/wordpress\/interventions\/transprk\/","og_site_name":"lasik","article_modified_time":"2025-07-18T13:14:43+00:00","og_image":[{"url":"https:\/\/chirurgie-refractive-tunisie.com\/wordpress\/wp-content\/uploads\/2023\/11\/TransPRK.webp","width":1,"height":1,"type":"image\/webp"}],"twitter_card":"summary_large_image","twitter_misc":{"Dur\u00e9e de lecture estim\u00e9e":"4 minutes"},"schema":{"@context":"https:\/\/schema.org","@graph":[{"@type":"WebPage","@id":"https:\/\/chirurgie-refractive-tunisie.com\/wordpress\/interventions\/transprk\/","url":"https:\/\/chirurgie-refractive-tunisie.com\/wordpress\/interventions\/transprk\/","name":"TransPRK Tunisie \u2013 Correction de la vue douce et sans d\u00e9coupe | CRT","isPartOf":{"@id":"https:\/\/chirurgie-refractive-tunisie.com\/wordpress\/#website"},"datePublished":"2023-02-07T12:33:41+00:00","dateModified":"2025-07-18T13:14:43+00:00","description":"Optez pour la TransPRK en Tunisie : chirurgie r\u00e9fractive douce sans d\u00e9coupe. Alternative au LASIK pour corn\u00e9es fines. Devis et suivi personnalis\u00e9s.","breadcrumb":{"@id":"https:\/\/chirurgie-refractive-tunisie.com\/wordpress\/interventions\/transprk\/#breadcrumb"},"inLanguage":"fr-FR","potentialAction":[{"@type":"ReadAction","target":["https:\/\/chirurgie-refractive-tunisie.com\/wordpress\/interventions\/transprk\/"]}]},{"@type":"BreadcrumbList","@id":"https:\/\/chirurgie-refractive-tunisie.com\/wordpress\/interventions\/transprk\/#breadcrumb","itemListElement":[{"@type":"ListItem","position":1,"name":"Home","item":"https:\/\/chirurgie-refractive-tunisie.com\/wordpress\/"},{"@type":"ListItem","position":2,"name":"Interventions","item":"https:\/\/chirurgie-refractive-tunisie.com\/wordpress\/interventions\/"},{"@type":"ListItem","position":3,"name":"TransPRK en Tunisie : La chirurgie r\u00e9fractive douce et sans d\u00e9coupe"}]},{"@type":"WebSite","@id":"https:\/\/chirurgie-refractive-tunisie.com\/wordpress\/#website","url":"https:\/\/chirurgie-refractive-tunisie.com\/wordpress\/","name":"lasik","description":"","potentialAction":[{"@type":"SearchAction","target":{"@type":"EntryPoint","urlTemplate":"https:\/\/chirurgie-refractive-tunisie.com\/wordpress\/?s={search_term_string}"},"query-input":"required name=search_term_string"}],"inLanguage":"fr-FR"}]}},"_links":{"self":[{"href":"https:\/\/chirurgie-refractive-tunisie.com\/wordpress\/wp-json\/wp\/v2\/pages\/65","targetHints":{"allow":["GET"]}}],"collection":[{"href":"https:\/\/chirurgie-refractive-tunisie.com\/wordpress\/wp-json\/wp\/v2\/pages"}],"about":[{"href":"https:\/\/chirurgie-refractive-tunisie.com\/wordpress\/wp-json\/wp\/v2\/types\/page"}],"author":[{"embeddable":true,"href":"https:\/\/chirurgie-refractive-tunisie.com\/wordpress\/wp-json\/wp\/v2\/users\/1"}],"replies":[{"embeddable":true,"href":"https:\/\/chirurgie-refractive-tunisie.com\/wordpress\/wp-json\/wp\/v2\/comments?post=65"}],"version-history":[{"count":10,"href":"https:\/\/chirurgie-refractive-tunisie.com\/wordpress\/wp-json\/wp\/v2\/pages\/65\/revisions"}],"predecessor-version":[{"id":438,"href":"https:\/\/chirurgie-refractive-tunisie.com\/wordpress\/wp-json\/wp\/v2\/pages\/65\/revisions\/438"}],"up":[{"embeddable":true,"href":"https:\/\/chirurgie-refractive-tunisie.com\/wordpress\/wp-json\/wp\/v2\/pages\/60"}],"wp:featuredmedia":[{"embeddable":true,"href":"https:\/\/chirurgie-refractive-tunisie.com\/wordpress\/wp-json\/wp\/v2\/media\/271"}],"wp:attachment":[{"href":"https:\/\/chirurgie-refractive-tunisie.com\/wordpress\/wp-json\/wp\/v2\/media?parent=65"}],"curies":[{"name":"wp","href":"https:\/\/api.w.org\/{rel}","templated":true}]}}