{"id":48,"date":"2023-02-07T12:31:52","date_gmt":"2023-02-07T12:31:52","guid":{"rendered":"https:\/\/chirurgie-refractive-tunisie.com\/wordpress\/?page_id=48"},"modified":"2024-03-13T12:48:25","modified_gmt":"2024-03-13T12:48:25","slug":"cataracte","status":"publish","type":"page","link":"https:\/\/chirurgie-refractive-tunisie.com\/wordpress\/maladie-de-loeil\/cataracte\/","title":{"rendered":"Cataracte"},"content":{"rendered":"<p>Les cataractes se produisent lorsque le cristallin naturellement clair \u00e0 l&rsquo;int\u00e9rieur de votre \u0153il devient trouble et opaque.<\/p>\n<p>Cela affecte votre vision de deux fa\u00e7ons :<\/p>\n<ol>\n<li aria-level=\"1\">L&rsquo;opacit\u00e9 ne permet pas \u00e0 la lumi\u00e8re de traverser enti\u00e8rement l&rsquo;\u0153il.<\/li>\n<li aria-level=\"1\">Le cristallin naturel change automatiquement de forme pour nous aider \u00e0 faire la mise au point sur les images proches.<\/li>\n<\/ol>\n<p>L&rsquo;opacit\u00e9 d&rsquo;une cataracte provient du fait que la prot\u00e9ine liquide du cristallin devient plus dure, un peu comme lorsqu&rsquo;un \u0153uf est cuit, il passe d&rsquo;un liquide clair \u00e0 un solide opaque. Lorsque cela se produit, le cristallin n&rsquo;est pas en mesure de changer de forme de mani\u00e8re ad\u00e9quate et la mise au point de pr\u00e8s est affect\u00e9e.<\/p>\n<p>Les cataractes peuvent se former lentement sur une longue p\u00e9riode et vous pouvez ignorer qu&rsquo;une cataracte se forme jusqu&rsquo;\u00e0 ce qu&rsquo;elle affecte votre vision, par exemple une vision floue qui n&rsquo;est pas corrig\u00e9e par des lunettes.<\/p>\n<p>D&rsquo;autres sympt\u00f4mes peuvent inclure des difficult\u00e9s \u00e0 conduire la nuit, des images multiples dans un \u0153il et des \u00e9blouissements.<\/p>\n<h2>Les types de cataractes<\/h2>\n<p>Il existe diff\u00e9rents types de cataracte, mais le type le plus courant est li\u00e9 \u00e0 l&rsquo;\u00e2ge et tend \u00e0 se produire apr\u00e8s 50 ans. La cataracte ne peut \u00eatre trait\u00e9e m\u00e9dicalement et n\u00e9cessite une op\u00e9ration de la cataracte.<\/p>\n<h3>Diff\u00e9rentes lentilles pour s&rsquo;adapter \u00e0 votre vie<\/h3>\n<p>Le type de lentille (lentille d&rsquo;op\u00e9ration de la cataracte ou lentille intraoculaire) que nous implantons sera d\u00e9termin\u00e9 par l&rsquo;\u00e9ligibilit\u00e9, le mode de vie et la pr\u00e9sence d&rsquo;astigmatisme.<\/p>\n<p>L&rsquo;\u00e9valuation initiale avec votre chirurgien sp\u00e9cialiste de la cataracte comprendra \u00e9galement une conversation sur la lentille qui vous convient le mieux.<\/p>\n<h3>Lentilles monofocales<\/h3>\n<p>Vous pouvez choisir d&rsquo;avoir une bonne vision de loin ou de pr\u00e8s. La plupart choisissent des lentilles adapt\u00e9es \u00e0 une bonne vision de loin. Si vous choisissez cette option, vous aurez besoin de lunettes pour la vision de pr\u00e8s. D&rsquo;autres choisissent des lentilles adapt\u00e9es \u00e0 la vision de pr\u00e8s et des lunettes pour la vision de loin.<\/p>\n<h3>Lentilles toriques<\/h3>\n<p>Cette lentille convient aux patients qui pr\u00e9sentent un astigmatisme mod\u00e9r\u00e9 \u00e0 \u00e9lev\u00e9 et qui doivent subir une op\u00e9ration de la cataracte. La lentille torique utilise le m\u00eame mat\u00e9riau que les lentilles monofocales, mais elle int\u00e8gre une correction astigmate. Ces lentilles visent \u00e0 r\u00e9duire ou \u00e0 \u00e9liminer le besoin de lunettes.<\/p>\n<h3>Lentilles monovision<\/h3>\n<p>Si vous avez une bonne vision dans les deux yeux avant de d\u00e9velopper des cataractes, une option consiste \u00e0 combiner une vision nette de loin dans un \u0153il et une vision nette de pr\u00e8s dans l&rsquo;autre \u0153il. Cela ne garantit pas que vous n&rsquo;aurez plus besoin de lunettes, car il se peut que vous ayez besoin de lunettes pour certaines activit\u00e9s.<br \/>\n<div class=\"container mt-5\"><div class=\"row\"><div class=\"col\"><div class=\"container-fluid mb-5 mt-5 pb-3 pt-3 free-devis-bloc rounded-3\"><div class=\"container pt-4\"><div class=\"row d-flex justify-content-center\"><div class=\"col-sm-12 col-md-6 text-center\"><p class=\"float-start text-devis-block pt-2\">Demandez gratuitement votre devis<\/p><\/div><div class=\"col-sm-12 col-md-6 text-center mb-4\"><a class=\"btn btn-primary btn-devi d-none d-sm-none d-md-block mt-2 float-end \" role=\"button\" href=\"\/devis\/\">Devis gratuits<\/a><a class=\"btn btn-primary btn-devi d-sm-block d-md-none\" role=\"button\" href=\"\/devis\/\">Devis gratuits<\/a><\/div><\/div><\/div><\/div><\/div><\/div><\/div>\n<h3>Lentilles multifocales<\/h3>\n<p>Ces lentilles, connues sous le nom de lentilles intraoculaires premium, sont con\u00e7ues pour offrir une vision claire de pr\u00e8s et de loin simultan\u00e9ment.<\/p>\n<h2>Quelles sont les causes de la cataracte ?<\/h2>\n<p>Les m\u00e9canismes exacts \u00e0 l&rsquo;origine de l&rsquo;opacit\u00e9 du cristallin sont pour la plupart inconnus. Le plus souvent, la cataracte appara\u00eet avec l&rsquo;\u00e2ge. La cataracte chez les patients \u00e2g\u00e9s constitue plus de quatre-vingt-dix pour cent de toutes les cataractes.<\/p>\n<p>Mais d&rsquo;autres causes peuvent \u00e9galement conduire \u00e0 la maladie. Les blessures oculaires, l&rsquo;exposition aux radiations, certains m\u00e9dicaments (par exemple, la cortisone), l&rsquo;inflammation chronique de l&rsquo;\u0153il ou les maladies syst\u00e9miques (par exemple, le diab\u00e8te) peuvent en \u00eatre le d\u00e9clencheur.<\/p>\n<p>Dans de rares cas, une cataracte peut \u00e9galement \u00eatre cong\u00e9nitale.<\/p>\n<h2>Sympt\u00f4mes : Comment se manifeste la cataracte ?<\/h2>\n<p>La cataracte se d\u00e9veloppe progressivement et sans douleur.<\/p>\n<p>En g\u00e9n\u00e9ral, elle entra\u00eene une lente perte d&rsquo;acuit\u00e9 visuelle qui se traduit par des images floues. La sensibilit\u00e9 \u00e0 l&rsquo;\u00e9blouissement augmente \u00e9galement. Dans certains cas (monoculaires), des images doubles apparaissent dans un \u0153il.<\/p>\n<p>En cas d&rsquo;hyperm\u00e9tropie, une modification de l&rsquo;acuit\u00e9 visuelle des lunettes vers la myopie est possible.<\/p>\n<p>Si la cataracte n&rsquo;est pas trait\u00e9e, des parties du cristallin peuvent fuir par liqu\u00e9faction \u00e0 un stade avanc\u00e9, entra\u00eenant un glaucome.<\/p>\n<p>Si l&rsquo;on constate les premiers sympt\u00f4mes, le diagnostic de la cataracte se r\u00e9v\u00e8le assez simple pour l&rsquo;ophtalmologiste. Il proc\u00e8de \u00e0 un examen \u00e0 la lampe \u00e0 fente. Le m\u00e9decin observe l&rsquo;\u0153il sous un microscope. Un \u00e9troit faisceau de lumi\u00e8re en forme de fente provenant de la lampe \u00e0 fente permet une coupe optique \u00e0 travers les sections transparentes de l&rsquo;\u0153il. De cette mani\u00e8re, les structures d\u00e9licates de la partie ant\u00e9rieure de l&rsquo;\u0153il deviennent visibles et permettent de d\u00e9terminer les changements pathologiques.<\/p>\n<h2>Echange r\u00e9fractif du cristallin<\/h2>\n<p>L&rsquo;\u00e9change r\u00e9fractif du cristallin concerne les patients qui ne pr\u00e9sentent pas encore de cataracte, mais qui ressentent les effets de la presbytie. Par exemple, le besoin de lunettes de lecture pour contrer la perte de la mise au point sur les objets proches. Notamment due \u00e0 l&rsquo;effet du vieillissement de l&rsquo;\u0153il. Cela commence \u00e0 se produire vers l&rsquo;\u00e2ge de 45-50 ans.<\/p>\n<p>De la m\u00eame mani\u00e8re qu&rsquo;une op\u00e9ration traditionnelle de la cataracte, votre cristallin naturel va se faire remplacer par l&rsquo;une des lentilles mentionn\u00e9es ci-dessus.Les lentilles multifocales et monovision vous aideront \u00e0 avoir une vision claire des objets proches, interm\u00e9diaires et \u00e9loign\u00e9s, en imitant l&rsquo;effet de votre cristallin naturel.<\/p>\n<h2>Prix op\u00e9ration corrective de la cataracte en Tunisie<\/h2>\n<table>\n<tbody>\n<tr>\n<td>Intervention<\/td>\n<td>PRIX<\/td>\n<td>S\u00c9JOUR<\/td>\n<\/tr>\n<tr>\n<td><\/td>\n<td><\/td>\n<td><\/td>\n<\/tr>\n<\/tbody>\n<\/table>\n<p>Le prix inclut d\u2019autres avantages qu\u2019il ne serait pas possible de trouver ailleurs comme :<\/p>\n<ul>\n<li aria-level=\"1\">L\u2019accueil d\u00e8s votre arriv\u00e9e \u00e0 l\u2019a\u00e9roport.<\/li>\n<li aria-level=\"1\">La prise en charge int\u00e9grale \u00e0 la clinique.<\/li>\n<li aria-level=\"1\">Les honoraires du chirurgien et de l\u2019anesth\u00e9siste.<\/li>\n<li aria-level=\"1\">L\u2019h\u00e9bergement dans un h\u00f4tel 5 \u00e9toiles<\/li>\n<li aria-level=\"1\">Le suivi m\u00e9dical avant et apr\u00e8s la chirurgie corrective de la cataracte.<\/li>\n<\/ul>\n<h2>\u00c0 quoi faut-il s&rsquo;attendre pendant l&rsquo;op\u00e9ration de la cataracte ?<\/h2>\n<p>Votre d\u00e9marche chirurgicale commence par une consultation avec un sp\u00e9cialiste en ophtalmologie \/ chirurgien de la cataracte. Au cours de votre entretien avec votre m\u00e9decin, des informations seront recueillies sur vos ant\u00e9c\u00e9dents m\u00e9dicaux, l&rsquo;apparition de vos sympt\u00f4mes, etc. Un examen m\u00e9ticuleux sera effectu\u00e9, suivi d&rsquo;investigations.<\/p>\n<p>Toutes les options de lentilles disponibles n\u00e9cessitent au moins un examen.<\/p>\n<p>Une fois les informations recueillies, vous choisirez avec votre sp\u00e9cialiste la lentille la plus appropri\u00e9e \u00e0 votre style de vie. Chaque \u0153il est diff\u00e9rent et chaque patient est diff\u00e9rent, c&rsquo;est pourquoi il est essentiel de choisir la bonne lentille.<\/p>\n<h2>Comment se d\u00e9roule l&rsquo;op\u00e9ration de la cataracte ?<\/h2>\n<p>\u00c0 votre arriv\u00e9e au CRT, vous serez enregistr\u00e9 \u00e0 la r\u00e9ception et un membre de l&rsquo;\u00e9quipe m\u00e9dicale s&rsquo;assit avec vous et passera en revue les proc\u00e9dures de pr\u00e9caution.<\/p>\n<p>Apr\u00e8s l&rsquo;application de gouttes dans vos yeux, on vous conduira au bloc op\u00e9ratoire. Votre chirurgien pourra alors proc\u00e9der et commencer l&rsquo;intervention de correction de la cataracte.<\/p>\n<p>La proc\u00e9dure d&rsquo;ablation de la cataracte ne devrait pas prendre plus de 15 \u00e0 20 minutes.<\/p>\n<p>Une petite incision se pratique sur le c\u00f4t\u00e9 de votre corn\u00e9e, afin d&rsquo;acc\u00e9der au cristallin. Une fois le cristallin atteint, la proc\u00e9dure consiste \u00e0 d\u00e9composer votre cataracte en petits segments et \u00e0 les retirer. Apr\u00e8s avoir tout nettoy\u00e9, le chirurgien ins\u00e8re votre nouveau cristallin sans probl\u00e8me par la m\u00eame incision dans la corn\u00e9e.<\/p>\n<p>Des contr\u00f4les postop\u00e9ratoires auront lieu, suivis d&rsquo;une p\u00e9riode d&rsquo;observation et vous pourrez ensuite rentrer chez vous.<\/p>\n<p>Avant votre sortie, votre m\u00e9decin vous examinera \u00e0 nouveau et vous fournira des instructions et des gouttes postop\u00e9ratoires. De plus, vous recevrez une explication \u00e9crite de ce \u00e0 quoi vous devez vous attendre au cours des 48 heures suivantes.<\/p>\n<p>En outre, vous fixerez un rendez-vous de suivi avec votre chirurgien pour faire le point sur votre r\u00e9tablissement.<\/p>\n<p>&nbsp;<\/p>\n","protected":false},"excerpt":{"rendered":"<p>Les cataractes se produisent lorsque le cristallin naturellement clair \u00e0 l&rsquo;int\u00e9rieur de votre \u0153il devient trouble et opaque. Cela affecte votre vision de deux fa\u00e7ons : L&rsquo;opacit\u00e9 ne permet pas \u00e0 la lumi\u00e8re de traverser enti\u00e8rement l&rsquo;\u0153il. Le cristallin naturel change automatiquement de forme pour nous aider \u00e0 faire la mise au point sur les&hellip; <a class=\"more-link\" href=\"https:\/\/chirurgie-refractive-tunisie.com\/wordpress\/maladie-de-loeil\/cataracte\/\">Poursuivre la lecture <span class=\"screen-reader-text\">Cataracte<\/span><\/a><\/p>\n","protected":false},"author":1,"featured_media":305,"parent":45,"menu_order":0,"comment_status":"closed","ping_status":"closed","template":"","meta":{"footnotes":"","_links_to":"","_links_to_target":""},"class_list":["post-48","page","type-page","status-publish","has-post-thumbnail","hentry","entry"],"acf":[],"yoast_head":"<!-- This site is optimized with the Yoast SEO plugin v20.7 - https:\/\/yoast.com\/wordpress\/plugins\/seo\/ -->\n<title>Op\u00e9ration cataracte, chirurgie r\u00e9fractive cataracte<\/title>\n<meta name=\"description\" content=\"L&#039;op\u00e9ration cataracte permet d&#039;\u00e9liminer la lentille de l&#039;\u0153il affect\u00e9 par la maladie | Contactez CRT pour votre chirurgie r\u00e9fractive cataracte.\" \/>\n<meta name=\"robots\" content=\"index, follow, max-snippet:-1, max-image-preview:large, max-video-preview:-1\" \/>\n<link rel=\"canonical\" href=\"https:\/\/chirurgie-refractive-tunisie.com\/wordpress\/maladie-de-loeil\/cataracte\/\" \/>\n<meta property=\"og:locale\" content=\"fr_FR\" \/>\n<meta property=\"og:type\" content=\"article\" \/>\n<meta property=\"og:title\" content=\"Op\u00e9ration cataracte, chirurgie r\u00e9fractive cataracte\" \/>\n<meta property=\"og:description\" content=\"L&#039;op\u00e9ration cataracte permet d&#039;\u00e9liminer la lentille de l&#039;\u0153il affect\u00e9 par la maladie | Contactez CRT pour votre chirurgie r\u00e9fractive cataracte.\" \/>\n<meta property=\"og:url\" content=\"https:\/\/chirurgie-refractive-tunisie.com\/wordpress\/maladie-de-loeil\/cataracte\/\" \/>\n<meta property=\"og:site_name\" content=\"lasik\" \/>\n<meta property=\"article:modified_time\" content=\"2024-03-13T12:48:25+00:00\" \/>\n<meta property=\"og:image\" content=\"https:\/\/chirurgie-refractive-tunisie.com\/wordpress\/wp-content\/uploads\/2024\/03\/cataract-tunisie-2.webp\" \/>\n\t<meta property=\"og:image:width\" content=\"1500\" \/>\n\t<meta property=\"og:image:height\" content=\"1000\" \/>\n\t<meta property=\"og:image:type\" content=\"image\/webp\" \/>\n<meta name=\"twitter:card\" content=\"summary_large_image\" \/>\n<meta name=\"twitter:label1\" content=\"Dur\u00e9e de lecture estim\u00e9e\" \/>\n\t<meta name=\"twitter:data1\" content=\"7 minutes\" \/>\n<script type=\"application\/ld+json\" class=\"yoast-schema-graph\">{\"@context\":\"https:\/\/schema.org\",\"@graph\":[{\"@type\":\"WebPage\",\"@id\":\"https:\/\/chirurgie-refractive-tunisie.com\/wordpress\/maladie-de-loeil\/cataracte\/\",\"url\":\"https:\/\/chirurgie-refractive-tunisie.com\/wordpress\/maladie-de-loeil\/cataracte\/\",\"name\":\"Op\u00e9ration cataracte, chirurgie r\u00e9fractive cataracte\",\"isPartOf\":{\"@id\":\"https:\/\/chirurgie-refractive-tunisie.com\/wordpress\/#website\"},\"datePublished\":\"2023-02-07T12:31:52+00:00\",\"dateModified\":\"2024-03-13T12:48:25+00:00\",\"description\":\"L'op\u00e9ration cataracte permet d'\u00e9liminer la lentille de l'\u0153il affect\u00e9 par la maladie | Contactez CRT pour votre chirurgie r\u00e9fractive cataracte.\",\"breadcrumb\":{\"@id\":\"https:\/\/chirurgie-refractive-tunisie.com\/wordpress\/maladie-de-loeil\/cataracte\/#breadcrumb\"},\"inLanguage\":\"fr-FR\",\"potentialAction\":[{\"@type\":\"ReadAction\",\"target\":[\"https:\/\/chirurgie-refractive-tunisie.com\/wordpress\/maladie-de-loeil\/cataracte\/\"]}]},{\"@type\":\"BreadcrumbList\",\"@id\":\"https:\/\/chirurgie-refractive-tunisie.com\/wordpress\/maladie-de-loeil\/cataracte\/#breadcrumb\",\"itemListElement\":[{\"@type\":\"ListItem\",\"position\":1,\"name\":\"Home\",\"item\":\"https:\/\/chirurgie-refractive-tunisie.com\/wordpress\/\"},{\"@type\":\"ListItem\",\"position\":2,\"name\":\"Maladie de l&rsquo;oeil\",\"item\":\"https:\/\/chirurgie-refractive-tunisie.com\/wordpress\/maladie-de-loeil\/\"},{\"@type\":\"ListItem\",\"position\":3,\"name\":\"Cataracte\"}]},{\"@type\":\"WebSite\",\"@id\":\"https:\/\/chirurgie-refractive-tunisie.com\/wordpress\/#website\",\"url\":\"https:\/\/chirurgie-refractive-tunisie.com\/wordpress\/\",\"name\":\"lasik\",\"description\":\"\",\"potentialAction\":[{\"@type\":\"SearchAction\",\"target\":{\"@type\":\"EntryPoint\",\"urlTemplate\":\"https:\/\/chirurgie-refractive-tunisie.com\/wordpress\/?s={search_term_string}\"},\"query-input\":\"required name=search_term_string\"}],\"inLanguage\":\"fr-FR\"}]}<\/script>\n<!-- \/ Yoast SEO plugin. -->","yoast_head_json":{"title":"Op\u00e9ration cataracte, chirurgie r\u00e9fractive cataracte","description":"L'op\u00e9ration cataracte permet d'\u00e9liminer la lentille de l'\u0153il affect\u00e9 par la maladie | Contactez CRT pour votre chirurgie r\u00e9fractive cataracte.","robots":{"index":"index","follow":"follow","max-snippet":"max-snippet:-1","max-image-preview":"max-image-preview:large","max-video-preview":"max-video-preview:-1"},"canonical":"https:\/\/chirurgie-refractive-tunisie.com\/wordpress\/maladie-de-loeil\/cataracte\/","og_locale":"fr_FR","og_type":"article","og_title":"Op\u00e9ration cataracte, chirurgie r\u00e9fractive cataracte","og_description":"L'op\u00e9ration cataracte permet d'\u00e9liminer la lentille de l'\u0153il affect\u00e9 par la maladie | Contactez CRT pour votre chirurgie r\u00e9fractive cataracte.","og_url":"https:\/\/chirurgie-refractive-tunisie.com\/wordpress\/maladie-de-loeil\/cataracte\/","og_site_name":"lasik","article_modified_time":"2024-03-13T12:48:25+00:00","og_image":[{"width":1500,"height":1000,"url":"https:\/\/chirurgie-refractive-tunisie.com\/wordpress\/wp-content\/uploads\/2024\/03\/cataract-tunisie-2.webp","type":"image\/webp"}],"twitter_card":"summary_large_image","twitter_misc":{"Dur\u00e9e de lecture estim\u00e9e":"7 minutes"},"schema":{"@context":"https:\/\/schema.org","@graph":[{"@type":"WebPage","@id":"https:\/\/chirurgie-refractive-tunisie.com\/wordpress\/maladie-de-loeil\/cataracte\/","url":"https:\/\/chirurgie-refractive-tunisie.com\/wordpress\/maladie-de-loeil\/cataracte\/","name":"Op\u00e9ration cataracte, chirurgie r\u00e9fractive cataracte","isPartOf":{"@id":"https:\/\/chirurgie-refractive-tunisie.com\/wordpress\/#website"},"datePublished":"2023-02-07T12:31:52+00:00","dateModified":"2024-03-13T12:48:25+00:00","description":"L'op\u00e9ration cataracte permet d'\u00e9liminer la lentille de l'\u0153il affect\u00e9 par la maladie | Contactez CRT pour votre chirurgie r\u00e9fractive cataracte.","breadcrumb":{"@id":"https:\/\/chirurgie-refractive-tunisie.com\/wordpress\/maladie-de-loeil\/cataracte\/#breadcrumb"},"inLanguage":"fr-FR","potentialAction":[{"@type":"ReadAction","target":["https:\/\/chirurgie-refractive-tunisie.com\/wordpress\/maladie-de-loeil\/cataracte\/"]}]},{"@type":"BreadcrumbList","@id":"https:\/\/chirurgie-refractive-tunisie.com\/wordpress\/maladie-de-loeil\/cataracte\/#breadcrumb","itemListElement":[{"@type":"ListItem","position":1,"name":"Home","item":"https:\/\/chirurgie-refractive-tunisie.com\/wordpress\/"},{"@type":"ListItem","position":2,"name":"Maladie de l&rsquo;oeil","item":"https:\/\/chirurgie-refractive-tunisie.com\/wordpress\/maladie-de-loeil\/"},{"@type":"ListItem","position":3,"name":"Cataracte"}]},{"@type":"WebSite","@id":"https:\/\/chirurgie-refractive-tunisie.com\/wordpress\/#website","url":"https:\/\/chirurgie-refractive-tunisie.com\/wordpress\/","name":"lasik","description":"","potentialAction":[{"@type":"SearchAction","target":{"@type":"EntryPoint","urlTemplate":"https:\/\/chirurgie-refractive-tunisie.com\/wordpress\/?s={search_term_string}"},"query-input":"required name=search_term_string"}],"inLanguage":"fr-FR"}]}},"_links":{"self":[{"href":"https:\/\/chirurgie-refractive-tunisie.com\/wordpress\/wp-json\/wp\/v2\/pages\/48","targetHints":{"allow":["GET"]}}],"collection":[{"href":"https:\/\/chirurgie-refractive-tunisie.com\/wordpress\/wp-json\/wp\/v2\/pages"}],"about":[{"href":"https:\/\/chirurgie-refractive-tunisie.com\/wordpress\/wp-json\/wp\/v2\/types\/page"}],"author":[{"embeddable":true,"href":"https:\/\/chirurgie-refractive-tunisie.com\/wordpress\/wp-json\/wp\/v2\/users\/1"}],"replies":[{"embeddable":true,"href":"https:\/\/chirurgie-refractive-tunisie.com\/wordpress\/wp-json\/wp\/v2\/comments?post=48"}],"version-history":[{"count":7,"href":"https:\/\/chirurgie-refractive-tunisie.com\/wordpress\/wp-json\/wp\/v2\/pages\/48\/revisions"}],"predecessor-version":[{"id":189,"href":"https:\/\/chirurgie-refractive-tunisie.com\/wordpress\/wp-json\/wp\/v2\/pages\/48\/revisions\/189"}],"up":[{"embeddable":true,"href":"https:\/\/chirurgie-refractive-tunisie.com\/wordpress\/wp-json\/wp\/v2\/pages\/45"}],"wp:featuredmedia":[{"embeddable":true,"href":"https:\/\/chirurgie-refractive-tunisie.com\/wordpress\/wp-json\/wp\/v2\/media\/305"}],"wp:attachment":[{"href":"https:\/\/chirurgie-refractive-tunisie.com\/wordpress\/wp-json\/wp\/v2\/media?parent=48"}],"curies":[{"name":"wp","href":"https:\/\/api.w.org\/{rel}","templated":true}]}}