{"id":32,"date":"2023-02-07T10:55:26","date_gmt":"2023-02-07T10:55:26","guid":{"rendered":"https:\/\/chirurgie-refractive-tunisie.com\/wordpress\/?page_id=32"},"modified":"2025-08-04T10:04:47","modified_gmt":"2025-08-04T10:04:47","slug":"myopie","status":"publish","type":"page","link":"https:\/\/chirurgie-refractive-tunisie.com\/wordpress\/trouble-de-la-vue\/myopie\/","title":{"rendered":"Chirurgie de la myopie en Tunisie : Retrouver une vision claire sans lunettes"},"content":{"rendered":"<p data-start=\"259\" data-end=\"658\">Vous en avez assez de porter des lunettes et des lentilles de contact ? La <strong data-start=\"334\" data-end=\"358\">chirurgie r\u00e9fractive<\/strong> est une op\u00e9ration des yeux qui corrige la myopie et peut vous apporter la vision claire que vous souhaitiez depuis si longtemps, vous lib\u00e9rant ainsi des lentilles de contact. Les chirurgiens ophtalmologistes experts du CRT effectuent cette intervention pour un grand nombre de patients en Tunisie.<\/p>\n<p data-start=\"660\" data-end=\"779\"><a class=\"cursor-pointer\" href=\"https:\/\/chirurgie-refractive-tunisie.com\/contact\/\" rel=\"noopener\" data-start=\"660\" data-end=\"703\">Contactez-nous d\u00e8s aujourd\u2019hui<\/a> pour savoir si vous \u00eates un bon candidat.<\/p>\n<div class=\"container mt-5\"><div class=\"row\"><div class=\"col\"><div class=\"container-fluid mb-5 mt-5 pb-3 pt-3 free-devis-bloc rounded-3\"><div class=\"container pt-4\"><div class=\"row d-flex justify-content-center\"><div class=\"col-sm-12 col-md-6 text-center\"><p class=\"float-start text-devis-block pt-2\">Demandez gratuitement votre devis<\/p><\/div><div class=\"col-sm-12 col-md-6 text-center mb-4\"><a class=\"btn btn-primary btn-devi d-none d-sm-none d-md-block mt-2 float-end \" role=\"button\" href=\"\/devis\/\">Devis gratuits<\/a><a class=\"btn btn-primary btn-devi d-sm-block d-md-none\" role=\"button\" href=\"\/devis\/\">Devis gratuits<\/a><\/div><\/div><\/div><\/div><\/div><\/div><\/div>\n<h2>Qu&rsquo;est-ce que la Myopie ?<\/h2>\n<p>La myopie correspond \u00e0 la vision de pr\u00e8s (ou tr\u00e8s pr\u00e8s). On parle de myopie lorsque l&rsquo;on peut voir clairement les objets de pr\u00e8s, mais que les objets de loin sont souvent flous et difficiles \u00e0 voir clairement. La myopie est le d\u00e9faut de r\u00e9fraction le plus courant.<\/p>\n<p>La myopie se produit lorsque la forme de votre \u0153il devient anormalement allong\u00e9e, ou lorsque votre corn\u00e9e &#8211; qui recouvre l&rsquo;avant de l&rsquo;\u0153il &#8211; est trop incurv\u00e9e. Elle peut affecter un seul \u0153il ou les deux.<\/p>\n<p>On pense que ce probl\u00e8me est d\u00fb \u00e0 diverses raisons, notamment une pr\u00e9disposition g\u00e9n\u00e9tique \u00e0 la myopie. Si vous avez des ant\u00e9c\u00e9dents familiaux de myopie, il y a de fortes chances que vous ayez vous-m\u00eame h\u00e9rit\u00e9 de ce probl\u00e8me. Le fait de passer beaucoup de temps \u00e0 regarder des objets de pr\u00e8s peut \u00e9galement contribuer au d\u00e9veloppement de la myopie. Cela inclut la lecture et le visionnage rapproch\u00e9 des \u00e9crans de t\u00e9l\u00e9vision, d&rsquo;ordinateur ou de t\u00e9l\u00e9phone.<\/p>\n<p data-start=\"2105\" data-end=\"2590\">Avant l\u2019av\u00e8nement des chirurgies r\u00e9fractives, la seule option pour corriger la myopie \u00e9tait de porter des lunettes ou des lentilles. Aujourd\u2019hui, plusieurs solutions existent, comme le <a class=\"\" href=\"\/interventions\/lasik-tunisie\/\" rel=\"noopener\" data-start=\"2291\" data-end=\"2344\">LASIK en Tunisie<\/a>, la <a class=\"\" href=\"\/interventions\/transprk\/\" rel=\"noopener\" data-start=\"2349\" data-end=\"2389\">TransPRK<\/a> ou encore les <a class=\"\" href=\"\/interventions\/lentille-intraoculaire\/\" rel=\"noopener\" data-start=\"2404\" data-end=\"2474\">lentilles intraoculaires<\/a>. Selon l\u2019\u00e2ge et l\u2019\u00e9tat de vos yeux, le <a class=\"\" href=\"\/interventions\/presby-lasik\/\" rel=\"noopener\" data-start=\"2514\" data-end=\"2561\">PresbyLasik<\/a> peut aussi \u00eatre recommand\u00e9.<\/p>\n<h2>Sympt\u00f4mes et signes de la myopie<\/h2>\n<p>Les sympt\u00f4mes de la myopie peuvent se d\u00e9velopper progressivement ou rapidement. Les personnes atteintes de cette affection oculaire mypique voient souvent leur diagnostic pos\u00e9 pendant l&rsquo;enfance ou l&rsquo;adolescence. La myopie a tendance \u00e0 se transmettre par voie h\u00e9r\u00e9ditaire. Les sympt\u00f4mes de la myopie sont les suivants :<\/p>\n<ul>\n<li aria-level=\"1\">Une vision floue lorsqu&rsquo;on regarde au loin<\/li>\n<li aria-level=\"1\">Le besoin de plisser les yeux pour voir clairement<\/li>\n<li aria-level=\"1\">Maux de t\u00eate<\/li>\n<li aria-level=\"1\">fatigue oculaire<\/li>\n<li aria-level=\"1\">Difficult\u00e9 \u00e0 conduire la nuit<\/li>\n<\/ul>\n<p>Les myopes peuvent ressentir tout ou partie de ces sympt\u00f4mes de la myopie. La myopie n&rsquo;affecte pas la sant\u00e9 des yeux, mais elle peut \u00eatre g\u00eanante et inconfortable si elle reste sans traitement.<\/p>\n<h2>Types de chirurgie r\u00e9fractive pour la correction de la Myopie<\/h2>\n<p>Il existe trois chirurgies r\u00e9fractives courantes pour la correction de la myopie dont nous allons parler ici. Chacune d&rsquo;entre elles pr\u00e9sente des taux de r\u00e9ussite exceptionnels, avec un temps de r\u00e9cup\u00e9ration limit\u00e9, peu ou pas d&rsquo;inconfort, et une am\u00e9lioration de la vision apr\u00e8s l&rsquo;intervention qui satisfait ou d\u00e9passe les souhaits de la plupart des patients.<\/p>\n<h3>K\u00e9ratomileusis in situ par laser (LASIK)<\/h3>\n<p>LASIK correspond \u00e0 l&rsquo;abr\u00e9viation de \u00ab\u00a0laser-assisted in situ keratomileuses\u00a0\u00bb. Il s&rsquo;agit de la proc\u00e9dure la plus courante pour corriger la myopie et d&rsquo;autres erreurs de r\u00e9fraction. La chirurgie oculaire au laser Lasik remod\u00e8le la corn\u00e9e pour permettre \u00e0 la lumi\u00e8re de se concentrer sur la r\u00e9tine sans lentilles de contact ni lunettes. Cette proc\u00e9dure prend \u00e0 peine 15 minutes et est indolore.<\/p>\n<p>L&rsquo;op\u00e9ration Lasik consiste \u00e0 cr\u00e9er un mince rabat sur la corn\u00e9e \u00e0 l&rsquo;aide d&rsquo;un laser femtoseconde ou d&rsquo;un microk\u00e9ratome. Cela permet d&rsquo;exposer le tissu corn\u00e9en sous-jacent. Ensuite, les sp\u00e9cialistes du Lasik utilisent un laser excimer pour remodeler la corn\u00e9e selon un mod\u00e8le unique pour chaque patient.<\/p>\n<p>Au CRT, nous utilisons un laser de pointe au cours de la proc\u00e9dure LASIK pour cr\u00e9er un rabat dans la corn\u00e9e transparente de l&rsquo;\u0153il afin d&rsquo;acc\u00e9der au tissu sous-jacent. Votre chirurgien ophtalmologue remod\u00e8le ensuite progressivement et soigneusement le tissu pour lisser ou aplanir la courbe corn\u00e9enne afin de corriger votre myopie.<\/p>\n<ul>\n<li aria-level=\"1\">Avantages de l&rsquo;op\u00e9ration des yeux pour corriger la myopie avec le LASIK :\n<ul>\n<li aria-level=\"2\">Am\u00e9lioration de la vision<\/li>\n<li aria-level=\"2\">R\u00e9sultats durables<\/li>\n<li aria-level=\"2\">R\u00e9sultats rapides<\/li>\n<li aria-level=\"2\">R\u00e9cup\u00e9ration rapide<\/li>\n<li aria-level=\"2\">Pas de d\u00e9pendance aux lunettes ou aux lentilles<\/li>\n<li aria-level=\"2\">Sans douleur<\/li>\n<li aria-level=\"2\">Am\u00e9lioration de la confiance en soi et du mode de vie<\/li>\n<\/ul>\n<\/li>\n<\/ul>\n<h3>K\u00e9ratectomie photor\u00e9fractive (PRK) :<\/h3>\n<p>PRK signifie k\u00e9ratectomie photor\u00e9fractive. Il s&rsquo;agit d&rsquo;une meilleure proc\u00e9dure chirurgicale que le LASIK pour une personne dont la corn\u00e9e pourrait \u00eatre trop fine. Dans cette chirurgie, un instrument manuel est utilis\u00e9 pour gratter l&rsquo;\u00e9pith\u00e9lium (couche externe de la corn\u00e9e). Ensuite, un laser est utilis\u00e9 pour remodeler la corn\u00e9e. L&rsquo;abrasion de la corn\u00e9e prend au moins quatre jours pour gu\u00e9rir, ce qui entra\u00eene une vision floue et une douleur mod\u00e9r\u00e9e.<\/p>\n<p>La k\u00e9ratectomie photor\u00e9fractive correspond donc \u00e9galement \u00e0 un type de chirurgie oculaire au laser. Cependant, elle ne cr\u00e9e pas de rabat corn\u00e9en comme le font les proc\u00e9dures LASIK. Au lieu de cela, votre chirurgien ophtalmologiste utilise un laser sp\u00e9cialement con\u00e7u pour lisser la surface de votre corn\u00e9e, plut\u00f4t que le tissu sous-jacent. Cette option chirurgicale convient rappelons-le aux personnes dont le tissu corn\u00e9en est mince ou dont les yeux sont tr\u00e8s secs.<\/p>\n<h3>Lentilles de contact artificielle implantables (implants LIO phakes) :<\/h3>\n<p>Des lentilles synth\u00e9tiques peuvent \u00e9galement \u00eatre implant\u00e9es\/ins\u00e9r\u00e9es dans les yeux pour am\u00e9liorer la vision. Les lentilles de contact implantables phakes sont une bonne option en cas de myopie \u00e9lev\u00e9e. Les lentilles phakes sont \u00e9galement appel\u00e9es LIO phakes : <a href=\"https:\/\/chirurgie-refractive-tunisie.com\/interventions\/lentille-intraoculaire\/\">lentilles intraoculaires phakes<\/a>.\u00a0 Au cours de cette proc\u00e9dure, la lentille phake s&rsquo;implante juste derri\u00e8re l&rsquo;iris ou entre la corn\u00e9e et l&rsquo;iris. Cette intervention peut constituer une alternative au LASIK pour les personnes \u00e2g\u00e9es qui pourraient avoir besoin d&rsquo;une op\u00e9ration de la cataracte \u00e0 l&rsquo;avenir.<\/p>\n<ul>\n<li aria-level=\"1\">Avantages de l&rsquo;op\u00e9ration des yeux pour corriger la myopie avec les lentilles implantables phakes :\n<ul>\n<li aria-level=\"2\">Vision de loin bonne \u00e0 excellente sans lentilles de contact ni lunettes.<\/li>\n<li aria-level=\"2\">Les LIO sont extractibles.<\/li>\n<li aria-level=\"2\">Risque r\u00e9duit d&rsquo;\u00e9blouissement, de halos ou de probl\u00e8mes d&rsquo;\u00e9clairage faible qui peuvent r\u00e9sulter des traitements au laser \u00e0 haute intensit\u00e9.<\/li>\n<li aria-level=\"2\">Le cristallin naturel n&rsquo;est pas retir\u00e9, ce qui signifie que la capacit\u00e9 de focalisation de l&rsquo;\u0153il de pr\u00e8s est pr\u00e9serv\u00e9e chez les patients de moins de 40 ans.<\/li>\n<\/ul>\n<\/li>\n<\/ul>\n<h2>La chirurgie des yeux corrective de la myopie est-elle faite pour moi ?<\/h2>\n<p>Les meilleurs candidats pour ces chirurgies r\u00e9fractives en cabinet pour la correction de la myopie sont ceux et celles :<\/p>\n<ul>\n<li aria-level=\"1\">Ayant 18 ans et plus<\/li>\n<li aria-level=\"1\">Disposent d&rsquo;une prescription stable de verres correcteurs<\/li>\n<li aria-level=\"1\">Ne pr\u00e9sentent aucune maladie oculaire active<\/li>\n<li aria-level=\"1\">B\u00e9n\u00e9ficient d&rsquo;un bon \u00e9tat de sant\u00e9 g\u00e9n\u00e9ral.<\/li>\n<\/ul>\n<p>Votre chirurgien ophtalmologue d\u00e9terminera si l&rsquo;une des op\u00e9rations ci-dessus, ou une autre proc\u00e9dure, vous convient, en fonction de votre sant\u00e9 oculaire (apr\u00e8s un examen approfondi) et de vos objectifs de traitement.<\/p>\n<p>Le prix inclut d\u2019autres avantages qu\u2019il ne serait pas possible de trouver ailleurs comme :<\/p>\n<ul>\n<li aria-level=\"1\">L\u2019accueil d\u00e8s votre arriv\u00e9e \u00e0 l\u2019a\u00e9roport.<\/li>\n<li aria-level=\"1\">La prise en charge int\u00e9grale \u00e0 la clinique.<\/li>\n<li aria-level=\"1\">Les honoraires du chirurgien et de l\u2019anesth\u00e9siste.<\/li>\n<li aria-level=\"1\">L\u2019h\u00e9bergement dans un h\u00f4tel 5 \u00e9toiles<\/li>\n<li aria-level=\"1\">Le suivi m\u00e9dical avant et apr\u00e8s la chirurgie des yeux corrective de la Myopie.<\/li>\n<\/ul>\n<p>D\u00e9couvrez <a href=\"https:\/\/chirurgie-refractive-tunisie.com\/examens-ophtalmologiques\/pentacam\/\">nos examens sp\u00e9cialis\u00e9s<\/a><\/p>\n<h2>Chirurgie r\u00e9fractive pour la myopie en Tunisie<\/h2>\n<p>Au CRT, nos chirurgiens ophtalmologiques certifi\u00e9s s&rsquo;efforcent de vous offrir les yeux les plus sains et la vision la plus claire possible. Ils r\u00e9alisent \u00e9galement que les patients veulent une meilleure vision sans d\u00e9pendre constamment de verres correcteurs.<\/p>\n<p>C&rsquo;est pourquoi ils proposent un large \u00e9ventail de solutions op\u00e9ratoires et non op\u00e9ratoires pour la correction de la vue, notamment la chirurgie r\u00e9fractive pour corriger les erreurs de r\u00e9fraction courantes, telles que la myopie, l&rsquo;hyperm\u00e9tropie et bien d&rsquo;autres. Le personnel se fera un plaisir d&rsquo;\u00e9valuer vos besoins et de vous aider \u00e0 explorer toutes vos options de traitement de la myopie.<\/p>\n<p><a class=\"cursor-pointer\" href=\"https:\/\/chirurgie-refractive-tunisie.com\/devis\/\" rel=\"noopener\" data-start=\"5349\" data-end=\"5376\">Contactez-nous<\/a> d\u00e8s aujourd\u2019hui pour une \u00e9valuation personnalis\u00e9e.<\/p>\n","protected":false},"excerpt":{"rendered":"<p>Vous en avez assez de porter des lunettes et des lentilles de contact ? La chirurgie r\u00e9fractive est une op\u00e9ration des yeux qui corrige la myopie et peut vous apporter la vision claire que vous souhaitiez depuis si longtemps, vous lib\u00e9rant ainsi des lentilles de contact. Les chirurgiens ophtalmologistes experts du CRT effectuent cette intervention&hellip; <a class=\"more-link\" href=\"https:\/\/chirurgie-refractive-tunisie.com\/wordpress\/trouble-de-la-vue\/myopie\/\">Poursuivre la lecture <span class=\"screen-reader-text\">Chirurgie de la myopie en Tunisie : Retrouver une vision claire sans lunettes<\/span><\/a><\/p>\n","protected":false},"author":1,"featured_media":321,"parent":29,"menu_order":0,"comment_status":"closed","ping_status":"closed","template":"","meta":{"footnotes":"","_links_to":"","_links_to_target":""},"class_list":["post-32","page","type-page","status-publish","has-post-thumbnail","hentry","entry"],"acf":[],"yoast_head":"<!-- This site is optimized with the Yoast SEO plugin v20.7 - https:\/\/yoast.com\/wordpress\/plugins\/seo\/ -->\n<title>Op\u00e9ration myopie Tunisie \u2013 Correction de la vue au laser | CRT<\/title>\n<meta name=\"description\" content=\"Corrigez votre myopie avec la chirurgie r\u00e9fractive en Tunisie. R\u00e9sultats rapides, sans lunettes ni lentilles. Devis gratuit et tarifs comp\u00e9titifs chez CRT.\" \/>\n<meta name=\"robots\" content=\"index, follow, max-snippet:-1, max-image-preview:large, max-video-preview:-1\" \/>\n<link rel=\"canonical\" href=\"https:\/\/chirurgie-refractive-tunisie.com\/wordpress\/trouble-de-la-vue\/myopie\/\" \/>\n<meta property=\"og:locale\" content=\"fr_FR\" \/>\n<meta property=\"og:type\" content=\"article\" \/>\n<meta property=\"og:title\" content=\"Op\u00e9ration myopie Tunisie \u2013 Correction de la vue au laser | CRT\" \/>\n<meta property=\"og:description\" content=\"Corrigez votre myopie avec la chirurgie r\u00e9fractive en Tunisie. R\u00e9sultats rapides, sans lunettes ni lentilles. Devis gratuit et tarifs comp\u00e9titifs chez CRT.\" \/>\n<meta property=\"og:url\" content=\"https:\/\/chirurgie-refractive-tunisie.com\/wordpress\/trouble-de-la-vue\/myopie\/\" \/>\n<meta property=\"og:site_name\" content=\"lasik\" \/>\n<meta property=\"article:modified_time\" content=\"2025-08-04T10:04:47+00:00\" \/>\n<meta property=\"og:image\" content=\"https:\/\/chirurgie-refractive-tunisie.com\/wordpress\/wp-content\/uploads\/2024\/04\/1727-_1_.webp\" \/>\n\t<meta property=\"og:image:width\" content=\"1000\" \/>\n\t<meta property=\"og:image:height\" content=\"667\" \/>\n\t<meta property=\"og:image:type\" content=\"image\/webp\" \/>\n<meta name=\"twitter:card\" content=\"summary_large_image\" \/>\n<meta name=\"twitter:label1\" content=\"Dur\u00e9e de lecture estim\u00e9e\" \/>\n\t<meta name=\"twitter:data1\" content=\"7 minutes\" \/>\n<script type=\"application\/ld+json\" class=\"yoast-schema-graph\">{\"@context\":\"https:\/\/schema.org\",\"@graph\":[{\"@type\":\"WebPage\",\"@id\":\"https:\/\/chirurgie-refractive-tunisie.com\/wordpress\/trouble-de-la-vue\/myopie\/\",\"url\":\"https:\/\/chirurgie-refractive-tunisie.com\/wordpress\/trouble-de-la-vue\/myopie\/\",\"name\":\"Op\u00e9ration myopie Tunisie \u2013 Correction de la vue au laser | CRT\",\"isPartOf\":{\"@id\":\"https:\/\/chirurgie-refractive-tunisie.com\/wordpress\/#website\"},\"datePublished\":\"2023-02-07T10:55:26+00:00\",\"dateModified\":\"2025-08-04T10:04:47+00:00\",\"description\":\"Corrigez votre myopie avec la chirurgie r\u00e9fractive en Tunisie. R\u00e9sultats rapides, sans lunettes ni lentilles. Devis gratuit et tarifs comp\u00e9titifs chez CRT.\",\"breadcrumb\":{\"@id\":\"https:\/\/chirurgie-refractive-tunisie.com\/wordpress\/trouble-de-la-vue\/myopie\/#breadcrumb\"},\"inLanguage\":\"fr-FR\",\"potentialAction\":[{\"@type\":\"ReadAction\",\"target\":[\"https:\/\/chirurgie-refractive-tunisie.com\/wordpress\/trouble-de-la-vue\/myopie\/\"]}]},{\"@type\":\"BreadcrumbList\",\"@id\":\"https:\/\/chirurgie-refractive-tunisie.com\/wordpress\/trouble-de-la-vue\/myopie\/#breadcrumb\",\"itemListElement\":[{\"@type\":\"ListItem\",\"position\":1,\"name\":\"Home\",\"item\":\"https:\/\/chirurgie-refractive-tunisie.com\/wordpress\/\"},{\"@type\":\"ListItem\",\"position\":2,\"name\":\"Trouble de la vue\",\"item\":\"https:\/\/chirurgie-refractive-tunisie.com\/wordpress\/trouble-de-la-vue\/\"},{\"@type\":\"ListItem\",\"position\":3,\"name\":\"Chirurgie de la myopie en Tunisie : Retrouver une vision claire sans lunettes\"}]},{\"@type\":\"WebSite\",\"@id\":\"https:\/\/chirurgie-refractive-tunisie.com\/wordpress\/#website\",\"url\":\"https:\/\/chirurgie-refractive-tunisie.com\/wordpress\/\",\"name\":\"lasik\",\"description\":\"\",\"potentialAction\":[{\"@type\":\"SearchAction\",\"target\":{\"@type\":\"EntryPoint\",\"urlTemplate\":\"https:\/\/chirurgie-refractive-tunisie.com\/wordpress\/?s={search_term_string}\"},\"query-input\":\"required name=search_term_string\"}],\"inLanguage\":\"fr-FR\"}]}<\/script>\n<!-- \/ Yoast SEO plugin. -->","yoast_head_json":{"title":"Op\u00e9ration myopie Tunisie \u2013 Correction de la vue au laser | CRT","description":"Corrigez votre myopie avec la chirurgie r\u00e9fractive en Tunisie. R\u00e9sultats rapides, sans lunettes ni lentilles. Devis gratuit et tarifs comp\u00e9titifs chez CRT.","robots":{"index":"index","follow":"follow","max-snippet":"max-snippet:-1","max-image-preview":"max-image-preview:large","max-video-preview":"max-video-preview:-1"},"canonical":"https:\/\/chirurgie-refractive-tunisie.com\/wordpress\/trouble-de-la-vue\/myopie\/","og_locale":"fr_FR","og_type":"article","og_title":"Op\u00e9ration myopie Tunisie \u2013 Correction de la vue au laser | CRT","og_description":"Corrigez votre myopie avec la chirurgie r\u00e9fractive en Tunisie. R\u00e9sultats rapides, sans lunettes ni lentilles. Devis gratuit et tarifs comp\u00e9titifs chez CRT.","og_url":"https:\/\/chirurgie-refractive-tunisie.com\/wordpress\/trouble-de-la-vue\/myopie\/","og_site_name":"lasik","article_modified_time":"2025-08-04T10:04:47+00:00","og_image":[{"width":1000,"height":667,"url":"https:\/\/chirurgie-refractive-tunisie.com\/wordpress\/wp-content\/uploads\/2024\/04\/1727-_1_.webp","type":"image\/webp"}],"twitter_card":"summary_large_image","twitter_misc":{"Dur\u00e9e de lecture estim\u00e9e":"7 minutes"},"schema":{"@context":"https:\/\/schema.org","@graph":[{"@type":"WebPage","@id":"https:\/\/chirurgie-refractive-tunisie.com\/wordpress\/trouble-de-la-vue\/myopie\/","url":"https:\/\/chirurgie-refractive-tunisie.com\/wordpress\/trouble-de-la-vue\/myopie\/","name":"Op\u00e9ration myopie Tunisie \u2013 Correction de la vue au laser | CRT","isPartOf":{"@id":"https:\/\/chirurgie-refractive-tunisie.com\/wordpress\/#website"},"datePublished":"2023-02-07T10:55:26+00:00","dateModified":"2025-08-04T10:04:47+00:00","description":"Corrigez votre myopie avec la chirurgie r\u00e9fractive en Tunisie. R\u00e9sultats rapides, sans lunettes ni lentilles. Devis gratuit et tarifs comp\u00e9titifs chez CRT.","breadcrumb":{"@id":"https:\/\/chirurgie-refractive-tunisie.com\/wordpress\/trouble-de-la-vue\/myopie\/#breadcrumb"},"inLanguage":"fr-FR","potentialAction":[{"@type":"ReadAction","target":["https:\/\/chirurgie-refractive-tunisie.com\/wordpress\/trouble-de-la-vue\/myopie\/"]}]},{"@type":"BreadcrumbList","@id":"https:\/\/chirurgie-refractive-tunisie.com\/wordpress\/trouble-de-la-vue\/myopie\/#breadcrumb","itemListElement":[{"@type":"ListItem","position":1,"name":"Home","item":"https:\/\/chirurgie-refractive-tunisie.com\/wordpress\/"},{"@type":"ListItem","position":2,"name":"Trouble de la vue","item":"https:\/\/chirurgie-refractive-tunisie.com\/wordpress\/trouble-de-la-vue\/"},{"@type":"ListItem","position":3,"name":"Chirurgie de la myopie en Tunisie : Retrouver une vision claire sans lunettes"}]},{"@type":"WebSite","@id":"https:\/\/chirurgie-refractive-tunisie.com\/wordpress\/#website","url":"https:\/\/chirurgie-refractive-tunisie.com\/wordpress\/","name":"lasik","description":"","potentialAction":[{"@type":"SearchAction","target":{"@type":"EntryPoint","urlTemplate":"https:\/\/chirurgie-refractive-tunisie.com\/wordpress\/?s={search_term_string}"},"query-input":"required name=search_term_string"}],"inLanguage":"fr-FR"}]}},"_links":{"self":[{"href":"https:\/\/chirurgie-refractive-tunisie.com\/wordpress\/wp-json\/wp\/v2\/pages\/32","targetHints":{"allow":["GET"]}}],"collection":[{"href":"https:\/\/chirurgie-refractive-tunisie.com\/wordpress\/wp-json\/wp\/v2\/pages"}],"about":[{"href":"https:\/\/chirurgie-refractive-tunisie.com\/wordpress\/wp-json\/wp\/v2\/types\/page"}],"author":[{"embeddable":true,"href":"https:\/\/chirurgie-refractive-tunisie.com\/wordpress\/wp-json\/wp\/v2\/users\/1"}],"replies":[{"embeddable":true,"href":"https:\/\/chirurgie-refractive-tunisie.com\/wordpress\/wp-json\/wp\/v2\/comments?post=32"}],"version-history":[{"count":9,"href":"https:\/\/chirurgie-refractive-tunisie.com\/wordpress\/wp-json\/wp\/v2\/pages\/32\/revisions"}],"predecessor-version":[{"id":448,"href":"https:\/\/chirurgie-refractive-tunisie.com\/wordpress\/wp-json\/wp\/v2\/pages\/32\/revisions\/448"}],"up":[{"embeddable":true,"href":"https:\/\/chirurgie-refractive-tunisie.com\/wordpress\/wp-json\/wp\/v2\/pages\/29"}],"wp:featuredmedia":[{"embeddable":true,"href":"https:\/\/chirurgie-refractive-tunisie.com\/wordpress\/wp-json\/wp\/v2\/media\/321"}],"wp:attachment":[{"href":"https:\/\/chirurgie-refractive-tunisie.com\/wordpress\/wp-json\/wp\/v2\/media?parent=32"}],"curies":[{"name":"wp","href":"https:\/\/api.w.org\/{rel}","templated":true}]}}